{"id":78,"date":"2021-03-07T16:32:09","date_gmt":"2021-03-07T14:32:09","guid":{"rendered":"https:\/\/smartexport.eu\/?page_id=78"},"modified":"2021-05-10T14:44:59","modified_gmt":"2021-05-10T11:44:59","slug":"pidgotovka-ta-suprovid-na-speczializovanyh-vystavkah","status":"publish","type":"page","link":"https:\/\/smartexport.eu\/pl\/pidgotovka-ta-suprovid-na-speczializovanyh-vystavkah","title":{"rendered":"Przygotowanie uczestnictwa i pomoc podczas targ\u00f3w i wystaw"},"content":{"rendered":"\n<p> Targi i wystawy to doskona\u0142a szansa na du\u017c\u0105 ilo\u015b\u0107 spotka\u0144, bez konieczno\u015bci zb\u0119dnych podr\u00f3\u017cy, zar\u00f3wno w kraju, jak i za granic\u0105.<br> Aby skorzysta\u0107 z tej us\u0142ugi, nale\u017cy zrealizowa\u0107 blok us\u0142ug \u00ab<strong>Baza danych klient\u00f3w<\/strong>\u00bb z konstruktora Smart Export.<\/p>\n","protected":false},"excerpt":{"rendered":"<p>Targi i wystawy to doskona\u0142a szansa na du\u017c\u0105 ilo\u015b\u0107 spotka\u0144, bez konieczno\u015bci zb\u0119dnych podr\u00f3\u017cy, zar\u00f3wno w kraju, jak i za granic\u0105. Aby skorzysta\u0107 z tej us\u0142ugi, nale\u017cy zrealizowa\u0107 blok us\u0142ug \u00abBaza danych klient\u00f3w\u00bb z konstruktora Smart Export.<\/p>\n","protected":false},"author":1,"featured_media":147,"parent":0,"menu_order":7,"comment_status":"closed","ping_status":"closed","template":"service-two.php","meta":{"footnotes":""},"class_list":["post-78","page","type-page","status-publish","has-post-thumbnail","hentry"],"_links":{"self":[{"href":"https:\/\/smartexport.eu\/pl\/wp-json\/wp\/v2\/pages\/78","targetHints":{"allow":["GET"]}}],"collection":[{"href":"https:\/\/smartexport.eu\/pl\/wp-json\/wp\/v2\/pages"}],"about":[{"href":"https:\/\/smartexport.eu\/pl\/wp-json\/wp\/v2\/types\/page"}],"author":[{"embeddable":true,"href":"https:\/\/smartexport.eu\/pl\/wp-json\/wp\/v2\/users\/1"}],"replies":[{"embeddable":true,"href":"https:\/\/smartexport.eu\/pl\/wp-json\/wp\/v2\/comments?post=78"}],"version-history":[{"count":0,"href":"https:\/\/smartexport.eu\/pl\/wp-json\/wp\/v2\/pages\/78\/revisions"}],"wp:featuredmedia":[{"embeddable":true,"href":"https:\/\/smartexport.eu\/pl\/wp-json\/wp\/v2\/media\/147"}],"wp:attachment":[{"href":"https:\/\/smartexport.eu\/pl\/wp-json\/wp\/v2\/media?parent=78"}],"curies":[{"name":"wp","href":"https:\/\/api.w.org\/{rel}","templated":true}]}}