{"id":79,"date":"2021-03-07T16:32:44","date_gmt":"2021-03-07T14:32:44","guid":{"rendered":"https:\/\/smartexport.eu\/?page_id=79"},"modified":"2021-05-22T09:37:04","modified_gmt":"2021-05-22T06:37:04","slug":"smart-export-vash-torgovyj-predstavnyk","status":"publish","type":"page","link":"https:\/\/smartexport.eu\/pl\/smart-export-vash-torgovyj-predstavnyk","title":{"rendered":"Smart Export  &#8211;  tw\u00f3j przedstawiciel handlowy"},"content":{"rendered":"\n<p>Regularna sprzeda\u017c za granic\u0119 wymaga sta\u0142ego kontaktu z partnerami, obserwacji sytuacji rynkowej, wprowadzania nowych pozycji asortymentu, elastycznej polityki cenowej, koordynacj\u0119 logistyki.<\/p>\n","protected":false},"excerpt":{"rendered":"<p>Regularna sprzeda\u017c za granic\u0119 wymaga sta\u0142ego kontaktu z partnerami, obserwacji sytuacji rynkowej, wprowadzania nowych pozycji asortymentu, elastycznej polityki cenowej, koordynacj\u0119 logistyki.<\/p>\n","protected":false},"author":1,"featured_media":148,"parent":0,"menu_order":8,"comment_status":"closed","ping_status":"closed","template":"service-three.php","meta":{"footnotes":""},"class_list":["post-79","page","type-page","status-publish","has-post-thumbnail","hentry"],"_links":{"self":[{"href":"https:\/\/smartexport.eu\/pl\/wp-json\/wp\/v2\/pages\/79","targetHints":{"allow":["GET"]}}],"collection":[{"href":"https:\/\/smartexport.eu\/pl\/wp-json\/wp\/v2\/pages"}],"about":[{"href":"https:\/\/smartexport.eu\/pl\/wp-json\/wp\/v2\/types\/page"}],"author":[{"embeddable":true,"href":"https:\/\/smartexport.eu\/pl\/wp-json\/wp\/v2\/users\/1"}],"replies":[{"embeddable":true,"href":"https:\/\/smartexport.eu\/pl\/wp-json\/wp\/v2\/comments?post=79"}],"version-history":[{"count":0,"href":"https:\/\/smartexport.eu\/pl\/wp-json\/wp\/v2\/pages\/79\/revisions"}],"wp:featuredmedia":[{"embeddable":true,"href":"https:\/\/smartexport.eu\/pl\/wp-json\/wp\/v2\/media\/148"}],"wp:attachment":[{"href":"https:\/\/smartexport.eu\/pl\/wp-json\/wp\/v2\/media?parent=79"}],"curies":[{"name":"wp","href":"https:\/\/api.w.org\/{rel}","templated":true}]}}