{"id":81,"date":"2021-03-07T16:33:39","date_gmt":"2021-03-07T14:33:39","guid":{"rendered":"https:\/\/smartexport.eu\/?page_id=81"},"modified":"2021-05-10T14:59:09","modified_gmt":"2021-05-10T11:59:09","slug":"nalagodzhennya-vashogo-viddilu-eksportu","status":"publish","type":"page","link":"https:\/\/smartexport.eu\/pl\/nalagodzhennya-vashogo-viddilu-eksportu","title":{"rendered":"Utworzenie dzia\u0142u eksportowego"},"content":{"rendered":"\n<p>Uruchomienie sprzeda\u017cy za granic\u0105 to proces technologiczny. Wiemy, jak to zrobi\u0107, jak\u0105 wybra\u0107 struktur\u0119 organizacyjn\u0105, jakich kompetencji wymaga\u0107 od os\u00f3b, kt\u00f3re b\u0119d\u0105 pracowa\u0107 na poszczeg\u00f3lnych poziomach. Potrafimy stworzy\u0107 system sprzeda\u017cy z gwarancj\u0105 sprawnego dzia\u0142ania.<\/p>\n","protected":false},"excerpt":{"rendered":"<p>Uruchomienie sprzeda\u017cy za granic\u0105 to proces technologiczny. Wiemy, jak to zrobi\u0107, jak\u0105 wybra\u0107 struktur\u0119 organizacyjn\u0105, jakich kompetencji wymaga\u0107 od os\u00f3b, kt\u00f3re b\u0119d\u0105 pracowa\u0107 na poszczeg\u00f3lnych poziomach. Potrafimy stworzy\u0107 system sprzeda\u017cy z gwarancj\u0105 sprawnego dzia\u0142ania.<\/p>\n","protected":false},"author":1,"featured_media":149,"parent":0,"menu_order":10,"comment_status":"closed","ping_status":"closed","template":"service-four.php","meta":{"footnotes":""},"class_list":["post-81","page","type-page","status-publish","has-post-thumbnail","hentry"],"_links":{"self":[{"href":"https:\/\/smartexport.eu\/pl\/wp-json\/wp\/v2\/pages\/81","targetHints":{"allow":["GET"]}}],"collection":[{"href":"https:\/\/smartexport.eu\/pl\/wp-json\/wp\/v2\/pages"}],"about":[{"href":"https:\/\/smartexport.eu\/pl\/wp-json\/wp\/v2\/types\/page"}],"author":[{"embeddable":true,"href":"https:\/\/smartexport.eu\/pl\/wp-json\/wp\/v2\/users\/1"}],"replies":[{"embeddable":true,"href":"https:\/\/smartexport.eu\/pl\/wp-json\/wp\/v2\/comments?post=81"}],"version-history":[{"count":0,"href":"https:\/\/smartexport.eu\/pl\/wp-json\/wp\/v2\/pages\/81\/revisions"}],"wp:featuredmedia":[{"embeddable":true,"href":"https:\/\/smartexport.eu\/pl\/wp-json\/wp\/v2\/media\/149"}],"wp:attachment":[{"href":"https:\/\/smartexport.eu\/pl\/wp-json\/wp\/v2\/media?parent=81"}],"curies":[{"name":"wp","href":"https:\/\/api.w.org\/{rel}","templated":true}]}}